{"id":119,"date":"2023-05-25T12:02:21","date_gmt":"2023-05-25T10:02:21","guid":{"rendered":"https:\/\/ferme-du-grommendyck.fr\/?page_id=119"},"modified":"2025-07-18T16:05:43","modified_gmt":"2025-07-18T14:05:43","slug":"viande","status":"publish","type":"page","link":"https:\/\/ferme-du-grommendyck.fr\/index.php\/viande\/","title":{"rendered":"Viande"},"content":{"rendered":"\n<p>Avec la viande de porc, vous pouvez tr\u00e8s facilement varier vos menus. R\u00f4tis, rouelle, lard&#8230; Les id\u00e9es ne manquent pas. M\u00eame les saucisses sont disponibles en diff\u00e9rentes vari\u00e9t\u00e9. De la saucisse classique dit &#8220;chipolata&#8221; \u00e0 la saucisse fum\u00e9e, vous y trouverez forc\u00e9ment votre bonheur. <\/p>\n\n\n\n<div class=\"wp-block-columns is-layout-flex wp-container-core-columns-is-layout-28f84493 wp-block-columns-is-layout-flex\">\n<div class=\"wp-block-column is-layout-flow wp-block-column-is-layout-flow\">\n<p class=\"has-medium-font-size\"><strong>R\u00f4ti de porc<\/strong><\/p>\n\n\n\n<figure class=\"wp-block-image size-full\"><img loading=\"lazy\" decoding=\"async\" width=\"2560\" height=\"1696\" src=\"http:\/\/ferme-du-grommendyck.fr\/wp-content\/uploads\/2025\/07\/ROTI-DE-PORC-1-scaled.jpg\" alt=\"\" class=\"wp-image-588\" srcset=\"https:\/\/ferme-du-grommendyck.fr\/wp-content\/uploads\/2025\/07\/ROTI-DE-PORC-1-scaled.jpg 2560w, https:\/\/ferme-du-grommendyck.fr\/wp-content\/uploads\/2025\/07\/ROTI-DE-PORC-1-300x199.jpg 300w, https:\/\/ferme-du-grommendyck.fr\/wp-content\/uploads\/2025\/07\/ROTI-DE-PORC-1-1024x678.jpg 1024w, https:\/\/ferme-du-grommendyck.fr\/wp-content\/uploads\/2025\/07\/ROTI-DE-PORC-1-768x509.jpg 768w, https:\/\/ferme-du-grommendyck.fr\/wp-content\/uploads\/2025\/07\/ROTI-DE-PORC-1-1536x1017.jpg 1536w, https:\/\/ferme-du-grommendyck.fr\/wp-content\/uploads\/2025\/07\/ROTI-DE-PORC-1-2048x1356.jpg 2048w, https:\/\/ferme-du-grommendyck.fr\/wp-content\/uploads\/2025\/07\/ROTI-DE-PORC-1-360x240.jpg 360w\" sizes=\"auto, (max-width: 2560px) 100vw, 2560px\" \/><\/figure>\n<\/div>\n\n\n\n<div class=\"wp-block-column is-layout-flow wp-block-column-is-layout-flow\">\n<p class=\"has-medium-font-size\"><strong>Jarret<\/strong><\/p>\n\n\n<div class=\"wp-block-image\">\n<figure class=\"aligncenter size-full\"><img loading=\"lazy\" decoding=\"async\" width=\"2560\" height=\"1696\" src=\"http:\/\/ferme-du-grommendyck.fr\/wp-content\/uploads\/2025\/07\/JARRET-2-scaled.jpg\" alt=\"\" class=\"wp-image-624\" srcset=\"https:\/\/ferme-du-grommendyck.fr\/wp-content\/uploads\/2025\/07\/JARRET-2-scaled.jpg 2560w, https:\/\/ferme-du-grommendyck.fr\/wp-content\/uploads\/2025\/07\/JARRET-2-300x199.jpg 300w, https:\/\/ferme-du-grommendyck.fr\/wp-content\/uploads\/2025\/07\/JARRET-2-1024x678.jpg 1024w, https:\/\/ferme-du-grommendyck.fr\/wp-content\/uploads\/2025\/07\/JARRET-2-768x509.jpg 768w, https:\/\/ferme-du-grommendyck.fr\/wp-content\/uploads\/2025\/07\/JARRET-2-1536x1017.jpg 1536w, https:\/\/ferme-du-grommendyck.fr\/wp-content\/uploads\/2025\/07\/JARRET-2-2048x1356.jpg 2048w, https:\/\/ferme-du-grommendyck.fr\/wp-content\/uploads\/2025\/07\/JARRET-2-360x240.jpg 360w\" sizes=\"auto, (max-width: 2560px) 100vw, 2560px\" \/><\/figure>\n<\/div><\/div>\n\n\n\n<div class=\"wp-block-column is-layout-flow wp-block-column-is-layout-flow\">\n<p class=\"has-medium-font-size\"><strong>Rouelle de porc<\/strong><\/p>\n\n\n\n<figure class=\"wp-block-image size-large\"><img loading=\"lazy\" decoding=\"async\" width=\"1024\" height=\"678\" src=\"http:\/\/ferme-du-grommendyck.fr\/wp-content\/uploads\/2025\/07\/ROUELLE-1024x678.jpg\" alt=\"\" class=\"wp-image-596\" srcset=\"https:\/\/ferme-du-grommendyck.fr\/wp-content\/uploads\/2025\/07\/ROUELLE-1024x678.jpg 1024w, https:\/\/ferme-du-grommendyck.fr\/wp-content\/uploads\/2025\/07\/ROUELLE-300x199.jpg 300w, https:\/\/ferme-du-grommendyck.fr\/wp-content\/uploads\/2025\/07\/ROUELLE-768x509.jpg 768w, https:\/\/ferme-du-grommendyck.fr\/wp-content\/uploads\/2025\/07\/ROUELLE-1536x1017.jpg 1536w, https:\/\/ferme-du-grommendyck.fr\/wp-content\/uploads\/2025\/07\/ROUELLE-2048x1356.jpg 2048w\" sizes=\"auto, (max-width: 1024px) 100vw, 1024px\" \/><\/figure>\n<\/div>\n<\/div>\n\n\n\n<div class=\"wp-block-columns is-layout-flex wp-container-core-columns-is-layout-28f84493 wp-block-columns-is-layout-flex\">\n<div class=\"wp-block-column is-layout-flow wp-block-column-is-layout-flow\">\n<p class=\"has-medium-font-size\"><strong>Saucisses Campagnarde<\/strong><\/p>\n\n\n\n<figure class=\"wp-block-image size-full\"><img loading=\"lazy\" decoding=\"async\" width=\"2560\" height=\"1696\" src=\"http:\/\/ferme-du-grommendyck.fr\/wp-content\/uploads\/2025\/07\/SAUCISSE-CAMPAGNARDE-1-scaled.jpg\" alt=\"\" class=\"wp-image-597\" srcset=\"https:\/\/ferme-du-grommendyck.fr\/wp-content\/uploads\/2025\/07\/SAUCISSE-CAMPAGNARDE-1-scaled.jpg 2560w, https:\/\/ferme-du-grommendyck.fr\/wp-content\/uploads\/2025\/07\/SAUCISSE-CAMPAGNARDE-1-300x199.jpg 300w, https:\/\/ferme-du-grommendyck.fr\/wp-content\/uploads\/2025\/07\/SAUCISSE-CAMPAGNARDE-1-1024x678.jpg 1024w, https:\/\/ferme-du-grommendyck.fr\/wp-content\/uploads\/2025\/07\/SAUCISSE-CAMPAGNARDE-1-768x509.jpg 768w, https:\/\/ferme-du-grommendyck.fr\/wp-content\/uploads\/2025\/07\/SAUCISSE-CAMPAGNARDE-1-1536x1017.jpg 1536w, https:\/\/ferme-du-grommendyck.fr\/wp-content\/uploads\/2025\/07\/SAUCISSE-CAMPAGNARDE-1-2048x1356.jpg 2048w, https:\/\/ferme-du-grommendyck.fr\/wp-content\/uploads\/2025\/07\/SAUCISSE-CAMPAGNARDE-1-360x240.jpg 360w\" sizes=\"auto, (max-width: 2560px) 100vw, 2560px\" \/><\/figure>\n<\/div>\n\n\n\n<div class=\"wp-block-column is-layout-flow wp-block-column-is-layout-flow\">\n<p class=\"has-medium-font-size\"><strong>Saucisses fines nature<\/strong><\/p>\n\n\n\n<figure class=\"wp-block-image size-full\"><img loading=\"lazy\" decoding=\"async\" width=\"2560\" height=\"1696\" src=\"http:\/\/ferme-du-grommendyck.fr\/wp-content\/uploads\/2025\/07\/SAUCISSE-FINE-1-scaled.jpg\" alt=\"\" class=\"wp-image-603\" srcset=\"https:\/\/ferme-du-grommendyck.fr\/wp-content\/uploads\/2025\/07\/SAUCISSE-FINE-1-scaled.jpg 2560w, https:\/\/ferme-du-grommendyck.fr\/wp-content\/uploads\/2025\/07\/SAUCISSE-FINE-1-300x199.jpg 300w, https:\/\/ferme-du-grommendyck.fr\/wp-content\/uploads\/2025\/07\/SAUCISSE-FINE-1-1024x678.jpg 1024w, https:\/\/ferme-du-grommendyck.fr\/wp-content\/uploads\/2025\/07\/SAUCISSE-FINE-1-768x509.jpg 768w, https:\/\/ferme-du-grommendyck.fr\/wp-content\/uploads\/2025\/07\/SAUCISSE-FINE-1-1536x1017.jpg 1536w, https:\/\/ferme-du-grommendyck.fr\/wp-content\/uploads\/2025\/07\/SAUCISSE-FINE-1-2048x1356.jpg 2048w, https:\/\/ferme-du-grommendyck.fr\/wp-content\/uploads\/2025\/07\/SAUCISSE-FINE-1-360x240.jpg 360w\" sizes=\"auto, (max-width: 2560px) 100vw, 2560px\" \/><\/figure>\n<\/div>\n\n\n\n<div class=\"wp-block-column is-layout-flow wp-block-column-is-layout-flow\">\n<p class=\"has-medium-font-size\"><strong>Saucisses grosses nature<\/strong><\/p>\n\n\n\n<figure class=\"wp-block-image size-full\"><img loading=\"lazy\" decoding=\"async\" width=\"2560\" height=\"1696\" src=\"http:\/\/ferme-du-grommendyck.fr\/wp-content\/uploads\/2025\/07\/SAUCISSE-GROSSE-1-scaled.jpg\" alt=\"\" class=\"wp-image-605\" srcset=\"https:\/\/ferme-du-grommendyck.fr\/wp-content\/uploads\/2025\/07\/SAUCISSE-GROSSE-1-scaled.jpg 2560w, https:\/\/ferme-du-grommendyck.fr\/wp-content\/uploads\/2025\/07\/SAUCISSE-GROSSE-1-300x199.jpg 300w, https:\/\/ferme-du-grommendyck.fr\/wp-content\/uploads\/2025\/07\/SAUCISSE-GROSSE-1-1024x678.jpg 1024w, https:\/\/ferme-du-grommendyck.fr\/wp-content\/uploads\/2025\/07\/SAUCISSE-GROSSE-1-768x509.jpg 768w, https:\/\/ferme-du-grommendyck.fr\/wp-content\/uploads\/2025\/07\/SAUCISSE-GROSSE-1-1536x1017.jpg 1536w, https:\/\/ferme-du-grommendyck.fr\/wp-content\/uploads\/2025\/07\/SAUCISSE-GROSSE-1-2048x1356.jpg 2048w, https:\/\/ferme-du-grommendyck.fr\/wp-content\/uploads\/2025\/07\/SAUCISSE-GROSSE-1-360x240.jpg 360w\" sizes=\"auto, (max-width: 2560px) 100vw, 2560px\" \/><\/figure>\n<\/div>\n<\/div>\n\n\n\n<div class=\"wp-block-columns is-layout-flex wp-container-core-columns-is-layout-28f84493 wp-block-columns-is-layout-flex\">\n<div class=\"wp-block-column is-layout-flow wp-block-column-is-layout-flow\">\n<p class=\"has-medium-font-size\"><strong>C\u00f4telettes premi\u00e8res<\/strong><\/p>\n\n\n\n<figure class=\"wp-block-image size-large\"><img loading=\"lazy\" decoding=\"async\" width=\"2560\" height=\"1696\" src=\"https:\/\/ferme-du-grommendyck.fr\/wp-content\/uploads\/2025\/07\/COTE-PREMIERE-edited-scaled.jpg\" alt=\"\" class=\"wp-image-607\" srcset=\"https:\/\/ferme-du-grommendyck.fr\/wp-content\/uploads\/2025\/07\/COTE-PREMIERE-edited-scaled.jpg 2560w, https:\/\/ferme-du-grommendyck.fr\/wp-content\/uploads\/2025\/07\/COTE-PREMIERE-edited-300x199.jpg 300w, https:\/\/ferme-du-grommendyck.fr\/wp-content\/uploads\/2025\/07\/COTE-PREMIERE-edited-1024x678.jpg 1024w, https:\/\/ferme-du-grommendyck.fr\/wp-content\/uploads\/2025\/07\/COTE-PREMIERE-edited-768x509.jpg 768w, https:\/\/ferme-du-grommendyck.fr\/wp-content\/uploads\/2025\/07\/COTE-PREMIERE-edited-1536x1017.jpg 1536w, https:\/\/ferme-du-grommendyck.fr\/wp-content\/uploads\/2025\/07\/COTE-PREMIERE-edited-2048x1357.jpg 2048w, https:\/\/ferme-du-grommendyck.fr\/wp-content\/uploads\/2025\/07\/COTE-PREMIERE-edited-360x240.jpg 360w\" sizes=\"auto, (max-width: 2560px) 100vw, 2560px\" \/><\/figure>\n<\/div>\n\n\n\n<div class=\"wp-block-column is-layout-flow wp-block-column-is-layout-flow\">\n<p class=\"has-medium-font-size\"><strong>C\u00f4telettes \u00e9chine<\/strong><\/p>\n\n\n\n<figure class=\"wp-block-image size-full\"><img loading=\"lazy\" decoding=\"async\" width=\"2560\" height=\"1696\" src=\"http:\/\/ferme-du-grommendyck.fr\/wp-content\/uploads\/2025\/07\/COTE-ECHINE-1-scaled.jpg\" alt=\"\" class=\"wp-image-600\" srcset=\"https:\/\/ferme-du-grommendyck.fr\/wp-content\/uploads\/2025\/07\/COTE-ECHINE-1-scaled.jpg 2560w, https:\/\/ferme-du-grommendyck.fr\/wp-content\/uploads\/2025\/07\/COTE-ECHINE-1-300x199.jpg 300w, https:\/\/ferme-du-grommendyck.fr\/wp-content\/uploads\/2025\/07\/COTE-ECHINE-1-1024x678.jpg 1024w, https:\/\/ferme-du-grommendyck.fr\/wp-content\/uploads\/2025\/07\/COTE-ECHINE-1-768x509.jpg 768w, https:\/\/ferme-du-grommendyck.fr\/wp-content\/uploads\/2025\/07\/COTE-ECHINE-1-1536x1017.jpg 1536w, https:\/\/ferme-du-grommendyck.fr\/wp-content\/uploads\/2025\/07\/COTE-ECHINE-1-2048x1356.jpg 2048w, https:\/\/ferme-du-grommendyck.fr\/wp-content\/uploads\/2025\/07\/COTE-ECHINE-1-360x240.jpg 360w\" sizes=\"auto, (max-width: 2560px) 100vw, 2560px\" \/><\/figure>\n<\/div>\n\n\n\n<div class=\"wp-block-column is-layout-flow wp-block-column-is-layout-flow\">\n<p class=\"has-medium-font-size\"><strong>Lard frais<\/strong><\/p>\n\n\n\n<figure class=\"wp-block-image size-full\"><img loading=\"lazy\" decoding=\"async\" width=\"2560\" height=\"1696\" src=\"http:\/\/ferme-du-grommendyck.fr\/wp-content\/uploads\/2025\/07\/POITRINE-FRAICHE-scaled.jpg\" alt=\"\" class=\"wp-image-640\" srcset=\"https:\/\/ferme-du-grommendyck.fr\/wp-content\/uploads\/2025\/07\/POITRINE-FRAICHE-scaled.jpg 2560w, https:\/\/ferme-du-grommendyck.fr\/wp-content\/uploads\/2025\/07\/POITRINE-FRAICHE-300x199.jpg 300w, https:\/\/ferme-du-grommendyck.fr\/wp-content\/uploads\/2025\/07\/POITRINE-FRAICHE-1024x678.jpg 1024w, https:\/\/ferme-du-grommendyck.fr\/wp-content\/uploads\/2025\/07\/POITRINE-FRAICHE-768x509.jpg 768w, https:\/\/ferme-du-grommendyck.fr\/wp-content\/uploads\/2025\/07\/POITRINE-FRAICHE-1536x1017.jpg 1536w, https:\/\/ferme-du-grommendyck.fr\/wp-content\/uploads\/2025\/07\/POITRINE-FRAICHE-2048x1356.jpg 2048w, https:\/\/ferme-du-grommendyck.fr\/wp-content\/uploads\/2025\/07\/POITRINE-FRAICHE-360x240.jpg 360w\" sizes=\"auto, (max-width: 2560px) 100vw, 2560px\" \/><\/figure>\n<\/div>\n<\/div>\n\n\n\n<div class=\"wp-block-columns is-layout-flex wp-container-core-columns-is-layout-28f84493 wp-block-columns-is-layout-flex\">\n<div class=\"wp-block-column is-layout-flow wp-block-column-is-layout-flow\">\n<p class=\"has-medium-font-size\"><strong>Saut\u00e9 de porc<\/strong><\/p>\n\n\n\n<figure class=\"wp-block-image size-full\"><img loading=\"lazy\" decoding=\"async\" width=\"2560\" height=\"1692\" src=\"http:\/\/ferme-du-grommendyck.fr\/wp-content\/uploads\/2025\/07\/SAUTE-edited-scaled.jpg\" alt=\"\" class=\"wp-image-540\" srcset=\"https:\/\/ferme-du-grommendyck.fr\/wp-content\/uploads\/2025\/07\/SAUTE-edited-scaled.jpg 2560w, https:\/\/ferme-du-grommendyck.fr\/wp-content\/uploads\/2025\/07\/SAUTE-edited-300x198.jpg 300w, https:\/\/ferme-du-grommendyck.fr\/wp-content\/uploads\/2025\/07\/SAUTE-edited-1024x677.jpg 1024w, https:\/\/ferme-du-grommendyck.fr\/wp-content\/uploads\/2025\/07\/SAUTE-edited-768x508.jpg 768w, https:\/\/ferme-du-grommendyck.fr\/wp-content\/uploads\/2025\/07\/SAUTE-edited-1536x1015.jpg 1536w, https:\/\/ferme-du-grommendyck.fr\/wp-content\/uploads\/2025\/07\/SAUTE-edited-2048x1353.jpg 2048w\" sizes=\"auto, (max-width: 2560px) 100vw, 2560px\" \/><\/figure>\n<\/div>\n\n\n\n<div class=\"wp-block-column is-layout-flow wp-block-column-is-layout-flow\">\n<p class=\"has-medium-font-size\"><strong>Cr\u00e9pinette<\/strong><\/p>\n\n\n\n<figure class=\"wp-block-gallery has-nested-images columns-default is-cropped wp-block-gallery-1 is-layout-flex wp-block-gallery-is-layout-flex\">\n<figure class=\"wp-block-image size-large\"><img loading=\"lazy\" decoding=\"async\" width=\"1024\" height=\"678\" data-id=\"619\" src=\"http:\/\/ferme-du-grommendyck.fr\/wp-content\/uploads\/2025\/07\/CREPINETTE-1-1024x678.jpg\" alt=\"\" class=\"wp-image-619\" srcset=\"https:\/\/ferme-du-grommendyck.fr\/wp-content\/uploads\/2025\/07\/CREPINETTE-1-1024x678.jpg 1024w, https:\/\/ferme-du-grommendyck.fr\/wp-content\/uploads\/2025\/07\/CREPINETTE-1-300x199.jpg 300w, https:\/\/ferme-du-grommendyck.fr\/wp-content\/uploads\/2025\/07\/CREPINETTE-1-768x509.jpg 768w, https:\/\/ferme-du-grommendyck.fr\/wp-content\/uploads\/2025\/07\/CREPINETTE-1-1536x1017.jpg 1536w, https:\/\/ferme-du-grommendyck.fr\/wp-content\/uploads\/2025\/07\/CREPINETTE-1-2048x1356.jpg 2048w\" sizes=\"auto, (max-width: 1024px) 100vw, 1024px\" \/><\/figure>\n<\/figure>\n<\/div>\n\n\n\n<div class=\"wp-block-column is-layout-flow wp-block-column-is-layout-flow\">\n<p class=\"has-medium-font-size\"><strong>Chair de porc<\/strong><\/p>\n\n\n<div class=\"wp-block-image\">\n<figure class=\"aligncenter size-large is-resized\"><img loading=\"lazy\" decoding=\"async\" width=\"2560\" height=\"1815\" src=\"https:\/\/ferme-du-grommendyck.fr\/wp-content\/uploads\/2025\/07\/CHAIR-edited-scaled.jpg\" alt=\"\" class=\"wp-image-639\" style=\"width:247px;height:auto\" srcset=\"https:\/\/ferme-du-grommendyck.fr\/wp-content\/uploads\/2025\/07\/CHAIR-edited-scaled.jpg 2560w, https:\/\/ferme-du-grommendyck.fr\/wp-content\/uploads\/2025\/07\/CHAIR-edited-300x213.jpg 300w, https:\/\/ferme-du-grommendyck.fr\/wp-content\/uploads\/2025\/07\/CHAIR-edited-1024x726.jpg 1024w, https:\/\/ferme-du-grommendyck.fr\/wp-content\/uploads\/2025\/07\/CHAIR-edited-768x545.jpg 768w, https:\/\/ferme-du-grommendyck.fr\/wp-content\/uploads\/2025\/07\/CHAIR-edited-1536x1089.jpg 1536w, https:\/\/ferme-du-grommendyck.fr\/wp-content\/uploads\/2025\/07\/CHAIR-edited-2048x1452.jpg 2048w\" sizes=\"auto, (max-width: 2560px) 100vw, 2560px\" \/><\/figure>\n<\/div><\/div>\n<\/div>\n\n\n\n<div class=\"wp-block-buttons is-content-justification-center is-layout-flex wp-container-core-buttons-is-layout-a89b3969 wp-block-buttons-is-layout-flex\">\n<div class=\"wp-block-button has-custom-width wp-block-button__width-75\"><a class=\"wp-block-button__link has-white-color has-header-gradient-background-color has-text-color has-background has-custom-font-size wp-element-button\" href=\"https:\/\/ferme-du-grommendyck.fr\/index.php\/nos-produits\/\" style=\"border-radius:10px;font-size:16px\">Voir tous nos produits<\/a><\/div>\n<\/div>\n\n\n\n<div style=\"height:30px\" aria-hidden=\"true\" class=\"wp-block-spacer\"><\/div>\n","protected":false},"excerpt":{"rendered":"<p>Avec la viande de porc, vous pouvez tr\u00e8s facilement varier vos menus. R\u00f4tis, rouelle, lard&#8230; Les id\u00e9es ne manquent pas. M\u00eame les saucisses sont disponibles en diff\u00e9rentes vari\u00e9t\u00e9. De la saucisse classique dit &#8220;chipolata&#8221; \u00e0 la saucisse fum\u00e9e, vous y trouverez forc\u00e9ment votre bonheur. R\u00f4ti de porc Jarret Rouelle de [&hellip;]<\/p>\n","protected":false},"author":1,"featured_media":0,"parent":0,"menu_order":0,"comment_status":"closed","ping_status":"closed","template":"","meta":{"_monsterinsights_skip_tracking":false,"_monsterinsights_sitenote_active":false,"_monsterinsights_sitenote_note":"","_monsterinsights_sitenote_category":0,"footnotes":""},"class_list":["post-119","page","type-page","status-publish","hentry"],"aioseo_notices":[],"_links":{"self":[{"href":"https:\/\/ferme-du-grommendyck.fr\/index.php\/wp-json\/wp\/v2\/pages\/119","targetHints":{"allow":["GET"]}}],"collection":[{"href":"https:\/\/ferme-du-grommendyck.fr\/index.php\/wp-json\/wp\/v2\/pages"}],"about":[{"href":"https:\/\/ferme-du-grommendyck.fr\/index.php\/wp-json\/wp\/v2\/types\/page"}],"author":[{"embeddable":true,"href":"https:\/\/ferme-du-grommendyck.fr\/index.php\/wp-json\/wp\/v2\/users\/1"}],"replies":[{"embeddable":true,"href":"https:\/\/ferme-du-grommendyck.fr\/index.php\/wp-json\/wp\/v2\/comments?post=119"}],"version-history":[{"count":11,"href":"https:\/\/ferme-du-grommendyck.fr\/index.php\/wp-json\/wp\/v2\/pages\/119\/revisions"}],"predecessor-version":[{"id":686,"href":"https:\/\/ferme-du-grommendyck.fr\/index.php\/wp-json\/wp\/v2\/pages\/119\/revisions\/686"}],"wp:attachment":[{"href":"https:\/\/ferme-du-grommendyck.fr\/index.php\/wp-json\/wp\/v2\/media?parent=119"}],"curies":[{"name":"wp","href":"https:\/\/api.w.org\/{rel}","templated":true}]}}