{"id":13,"date":"2023-05-14T10:12:09","date_gmt":"2023-05-14T08:12:09","guid":{"rendered":"https:\/\/ferme-du-grommendyck.fr\/?page_id=13"},"modified":"2025-09-30T11:20:57","modified_gmt":"2025-09-30T09:20:57","slug":"accueil","status":"publish","type":"page","link":"https:\/\/ferme-du-grommendyck.fr\/","title":{"rendered":"Accueil"},"content":{"rendered":"\n<div class=\"wp-block-cover alignfull is-light hestia-clear-top-padding\" style=\"min-height:729px;aspect-ratio:unset;\"><span aria-hidden=\"true\" class=\"wp-block-cover__background has-white-background-color has-background-dim-100 has-background-dim\"><\/span><div class=\"wp-block-cover__inner-container is-layout-flow wp-block-cover-is-layout-flow\">\n<p><\/p>\n\n\n<div class=\"wp-block-image\">\n<figure class=\"aligncenter size-large is-resized\"><img loading=\"lazy\" decoding=\"async\" width=\"724\" height=\"1024\" src=\"https:\/\/ferme-du-grommendyck.fr\/wp-content\/uploads\/2025\/09\/COLIS-20253-724x1024.png\" alt=\"\" class=\"wp-image-701\" style=\"width:362px;height:512px\" srcset=\"https:\/\/ferme-du-grommendyck.fr\/wp-content\/uploads\/2025\/09\/COLIS-20253-724x1024.png 724w, https:\/\/ferme-du-grommendyck.fr\/wp-content\/uploads\/2025\/09\/COLIS-20253-212x300.png 212w, https:\/\/ferme-du-grommendyck.fr\/wp-content\/uploads\/2025\/09\/COLIS-20253-768x1086.png 768w, https:\/\/ferme-du-grommendyck.fr\/wp-content\/uploads\/2025\/09\/COLIS-20253-1086x1536.png 1086w, https:\/\/ferme-du-grommendyck.fr\/wp-content\/uploads\/2025\/09\/COLIS-20253.png 1414w\" sizes=\"auto, (max-width: 724px) 100vw, 724px\" \/><\/figure>\n<\/div>\n\n\n<div class=\"wp-block-buttons has-custom-font-size is-content-justification-center is-layout-flex wp-container-core-buttons-is-layout-a89b3969 wp-block-buttons-is-layout-flex\" style=\"border-radius:0px;font-size:16px\">\n<div class=\"wp-block-button has-custom-width wp-block-button__width-25\"><a class=\"wp-block-button__link has-white-color has-accent-background-color has-text-color has-background has-custom-font-size wp-element-button\" href=\"https:\/\/ferme-du-grommendyck.fr\/wp-content\/uploads\/2025\/09\/COLIS-20253.png\" style=\"border-radius:0px;font-size:16px\">T\u00e9l\u00e9charger la brochure des colis<\/a><\/div>\n<\/div>\n\n\n\n<h1 class=\"wp-block-heading has-text-align-center has-text-color has-x-large-font-size\" style=\"color:#3c4858;font-style:normal;font-weight:900;text-decoration:underline\"><br>Les produits du moment<\/h1>\n\n\n<div class=\"wp-block-image is-style-default wp-duotone-unset-1\">\n<figure class=\"aligncenter size-full is-resized has-custom-border\" style=\"margin-top:var(--wp--preset--spacing--70);margin-bottom:var(--wp--preset--spacing--70)\"><img loading=\"lazy\" decoding=\"async\" width=\"940\" height=\"788\" src=\"https:\/\/ferme-du-grommendyck.fr\/wp-content\/uploads\/2025\/03\/NOUVEAUX-BOCAUX-PARTICULIER.png\" alt=\"\" class=\"wp-image-496\" style=\"border-style:none;border-width:0px;width:563px;height:auto\" srcset=\"https:\/\/ferme-du-grommendyck.fr\/wp-content\/uploads\/2025\/03\/NOUVEAUX-BOCAUX-PARTICULIER.png 940w, https:\/\/ferme-du-grommendyck.fr\/wp-content\/uploads\/2025\/03\/NOUVEAUX-BOCAUX-PARTICULIER-300x251.png 300w, https:\/\/ferme-du-grommendyck.fr\/wp-content\/uploads\/2025\/03\/NOUVEAUX-BOCAUX-PARTICULIER-768x644.png 768w\" sizes=\"auto, (max-width: 940px) 100vw, 940px\" \/><\/figure>\n<\/div>\n\n\n<div class=\"wp-block-columns is-layout-flex wp-container-core-columns-is-layout-28f84493 wp-block-columns-is-layout-flex\">\n<div class=\"wp-block-column is-layout-flow wp-block-column-is-layout-flow\" style=\"flex-basis:100%\">\n<div class=\"wp-block-group is-vertical is-content-justification-center is-layout-flex wp-container-core-group-is-layout-ce155fab wp-block-group-is-layout-flex\">\n<div class=\"wp-block-columns container is-layout-flex wp-container-core-columns-is-layout-28f84493 wp-block-columns-is-layout-flex\">\n<div class=\"wp-block-column has-small-font-size is-layout-flow wp-block-column-is-layout-flow\">\n<div class=\"wp-block-columns is-layout-flex wp-container-core-columns-is-layout-28f84493 wp-block-columns-is-layout-flex\">\n<div class=\"wp-block-column is-layout-flow wp-block-column-is-layout-flow\">\n<div class=\"wp-block-columns is-layout-flex wp-container-core-columns-is-layout-28f84493 wp-block-columns-is-layout-flex\">\n<div class=\"wp-block-column is-layout-flow wp-block-column-is-layout-flow\" style=\"flex-basis:100%\">\n<div class=\"wp-block-columns is-layout-flex wp-container-core-columns-is-layout-28f84493 wp-block-columns-is-layout-flex\">\n<div class=\"wp-block-column is-layout-flow wp-block-column-is-layout-flow\" style=\"flex-basis:33.34%\"><div class=\"wp-block-image\">\n<figure class=\"aligncenter size-large\"><img loading=\"lazy\" decoding=\"async\" width=\"678\" height=\"1024\" src=\"http:\/\/ferme-du-grommendyck.fr\/wp-content\/uploads\/2025\/03\/1-678x1024.png\" alt=\"\" class=\"wp-image-509\" srcset=\"https:\/\/ferme-du-grommendyck.fr\/wp-content\/uploads\/2025\/03\/1-678x1024.png 678w, https:\/\/ferme-du-grommendyck.fr\/wp-content\/uploads\/2025\/03\/1-199x300.png 199w, https:\/\/ferme-du-grommendyck.fr\/wp-content\/uploads\/2025\/03\/1-768x1160.png 768w, https:\/\/ferme-du-grommendyck.fr\/wp-content\/uploads\/2025\/03\/1-1017x1536.png 1017w, https:\/\/ferme-du-grommendyck.fr\/wp-content\/uploads\/2025\/03\/1.png 1695w\" sizes=\"auto, (max-width: 678px) 100vw, 678px\" \/><\/figure>\n<\/div><\/div>\n\n\n\n<div class=\"wp-block-column is-layout-flow wp-block-column-is-layout-flow\" style=\"flex-basis:33.34%\">\n<figure class=\"wp-block-image size-full\"><img loading=\"lazy\" decoding=\"async\" width=\"1696\" height=\"2560\" src=\"https:\/\/ferme-du-grommendyck.fr\/wp-content\/uploads\/2025\/07\/DSC_0301-scaled.jpg\" alt=\"\" class=\"wp-image-526\" srcset=\"https:\/\/ferme-du-grommendyck.fr\/wp-content\/uploads\/2025\/07\/DSC_0301-scaled.jpg 1696w, https:\/\/ferme-du-grommendyck.fr\/wp-content\/uploads\/2025\/07\/DSC_0301-199x300.jpg 199w, https:\/\/ferme-du-grommendyck.fr\/wp-content\/uploads\/2025\/07\/DSC_0301-678x1024.jpg 678w, https:\/\/ferme-du-grommendyck.fr\/wp-content\/uploads\/2025\/07\/DSC_0301-768x1160.jpg 768w, https:\/\/ferme-du-grommendyck.fr\/wp-content\/uploads\/2025\/07\/DSC_0301-1017x1536.jpg 1017w, https:\/\/ferme-du-grommendyck.fr\/wp-content\/uploads\/2025\/07\/DSC_0301-1356x2048.jpg 1356w\" sizes=\"auto, (max-width: 1696px) 100vw, 1696px\" \/><\/figure>\n<\/div>\n\n\n\n<div class=\"wp-block-column is-layout-flow wp-block-column-is-layout-flow\" style=\"flex-basis:33.33%\">\n<figure class=\"wp-block-image size-large\"><img loading=\"lazy\" decoding=\"async\" width=\"678\" height=\"1024\" src=\"https:\/\/ferme-du-grommendyck.fr\/wp-content\/uploads\/2025\/07\/DSC_0319-1-678x1024.jpg\" alt=\"\" class=\"wp-image-535\" srcset=\"https:\/\/ferme-du-grommendyck.fr\/wp-content\/uploads\/2025\/07\/DSC_0319-1-678x1024.jpg 678w, https:\/\/ferme-du-grommendyck.fr\/wp-content\/uploads\/2025\/07\/DSC_0319-1-199x300.jpg 199w, https:\/\/ferme-du-grommendyck.fr\/wp-content\/uploads\/2025\/07\/DSC_0319-1-768x1160.jpg 768w, https:\/\/ferme-du-grommendyck.fr\/wp-content\/uploads\/2025\/07\/DSC_0319-1-1017x1536.jpg 1017w, https:\/\/ferme-du-grommendyck.fr\/wp-content\/uploads\/2025\/07\/DSC_0319-1-1356x2048.jpg 1356w, https:\/\/ferme-du-grommendyck.fr\/wp-content\/uploads\/2025\/07\/DSC_0319-1-scaled.jpg 1696w\" sizes=\"auto, (max-width: 678px) 100vw, 678px\" \/><\/figure>\n<\/div>\n<\/div>\n<\/div>\n<\/div>\n<\/div>\n<\/div>\n\n\n\n<h4 class=\"wp-block-heading alignwide has-text-align-center has-accent-color has-text-color has-link-color has-small-font-size wp-elements-51fa99ab211be4fcd0270c348f65c6eb\">* <strong><mark style=\"background-color:rgba(0, 0, 0, 0)\" class=\"has-inline-color has-accent-color\">Suggestion de plateau de charcuterie \/ fromage<\/mark><\/strong><\/h4>\n\n\n\n<p class=\"has-text-align-center has-medium-font-size\"><strong><mark style=\"background-color:rgba(0, 0, 0, 0)\" class=\"has-inline-color has-accent-color\">Charcuterie exclusivement produite au sein de notre exploitation<\/mark><\/strong><\/p>\n<\/div>\n<\/div>\n<\/div>\n<\/div>\n<\/div>\n\n\n\n<div class=\"wp-block-buttons is-content-justification-center is-layout-flex wp-container-core-buttons-is-layout-a89b3969 wp-block-buttons-is-layout-flex\">\n<div class=\"wp-block-button has-custom-width wp-block-button__width-25\"><a class=\"wp-block-button__link has-white-color has-accent-background-color has-text-color has-background has-text-align-center has-custom-font-size wp-element-button\" href=\"https:\/\/ferme-du-grommendyck.fr\/index.php\/nos-produits\/\" style=\"border-radius:0px;font-size:16px\">Voir tous les produits<\/a><\/div>\n<\/div>\n\n\n\n<div style=\"height:40px\" aria-hidden=\"true\" class=\"wp-block-spacer\"><\/div>\n\n\n\n<h2 class=\"wp-block-heading has-text-align-center has-text-color has-x-large-font-size\" style=\"color:#3c4858;font-style:normal;font-weight:900;text-decoration:underline\">La recette du moment<\/h2>\n\n\n\n<p class=\"has-text-align-center\">Nous avons pr\u00e9par\u00e9 pour vous une s\u00e9rie de recettes \u00e0 cuisiner. <\/p>\n\n\n\n<p class=\"has-text-align-center\">Toutes sont pens\u00e9es pour profiter pleinement de nos produits (charcuterie &amp; viande de porc) au quotidien.<\/p>\n\n\n\n<p class=\"has-text-align-center\">Des recettes de sandwich au traditionnel plat cuisin\u00e9 et mijot\u00e9 du dimanche. <br><\/p>\n\n\n\n<div style=\"height:23px\" aria-hidden=\"true\" class=\"wp-block-spacer\"><\/div>\n\n\n\n<div class=\"wp-block-columns are-vertically-aligned-center is-layout-flex wp-container-core-columns-is-layout-28f84493 wp-block-columns-is-layout-flex\">\n<div class=\"wp-block-column is-vertically-aligned-center is-layout-flow wp-block-column-is-layout-flow\" style=\"flex-basis:22.22%\"><\/div>\n\n\n\n<div class=\"wp-block-column is-vertically-aligned-center is-layout-flow wp-block-column-is-layout-flow\" style=\"flex-basis:44.45%\">\n<figure class=\"wp-block-gallery has-nested-images columns-default is-cropped wp-block-gallery-2 is-layout-flex wp-block-gallery-is-layout-flex\">\n<figure class=\"wp-block-image size-large\"><img loading=\"lazy\" decoding=\"async\" width=\"1024\" height=\"677\" data-id=\"540\" src=\"https:\/\/ferme-du-grommendyck.fr\/wp-content\/uploads\/2025\/07\/SAUTE-edited-1024x677.jpg\" alt=\"\" class=\"wp-image-540\" srcset=\"https:\/\/ferme-du-grommendyck.fr\/wp-content\/uploads\/2025\/07\/SAUTE-edited-1024x677.jpg 1024w, https:\/\/ferme-du-grommendyck.fr\/wp-content\/uploads\/2025\/07\/SAUTE-edited-300x198.jpg 300w, https:\/\/ferme-du-grommendyck.fr\/wp-content\/uploads\/2025\/07\/SAUTE-edited-768x508.jpg 768w, https:\/\/ferme-du-grommendyck.fr\/wp-content\/uploads\/2025\/07\/SAUTE-edited-1536x1015.jpg 1536w, https:\/\/ferme-du-grommendyck.fr\/wp-content\/uploads\/2025\/07\/SAUTE-edited-2048x1353.jpg 2048w\" sizes=\"auto, (max-width: 1024px) 100vw, 1024px\" \/><\/figure>\n<\/figure>\n<\/div>\n\n\n\n<div class=\"wp-block-column is-vertically-aligned-center is-layout-flow wp-block-column-is-layout-flow\" style=\"flex-basis:33.33%\">\n<h3 class=\"wp-block-heading has-medium-font-size\">Saut\u00e9 de porc au curry<\/h3>\n\n\n\n<p class=\"has-small-font-size\">Une recette facile \u00e0 r\u00e9aliser et qui demande peu d&#8217;ingr\u00e9dients<\/p>\n\n\n\n<div class=\"wp-block-buttons is-layout-flex wp-block-buttons-is-layout-flex\">\n<div class=\"wp-block-button has-custom-width wp-block-button__width-75 is-style-fill\"><a class=\"wp-block-button__link has-accent-background-color has-background has-custom-font-size wp-element-button\" href=\"https:\/\/ferme-du-grommendyck.fr\/index.php\/recette-saute-de-porc-au-curry\/\" style=\"border-radius:0px;font-size:16px\" target=\"_blank\" rel=\"noreferrer noopener\">Voir la recette<\/a><\/div>\n<\/div>\n<\/div>\n<\/div>\n<\/div><\/div>\n\n\n\n<div class=\"wp-block-columns container is-layout-flex wp-container-core-columns-is-layout-28f84493 wp-block-columns-is-layout-flex\">\n<div class=\"wp-block-column col-md-5 is-layout-flow wp-block-column-is-layout-flow\">\n<div style=\"height:55px\" aria-hidden=\"true\" class=\"wp-block-spacer\"><\/div>\n\n\n\n<h2 class=\"wp-block-heading\">D\u00e9couvrir notre ferme &amp; nos valeurs <\/h2>\n\n\n\n<div class=\"wp-block-buttons is-layout-flex wp-block-buttons-is-layout-flex\">\n<div class=\"wp-block-button has-custom-width wp-block-button__width-50\"><a class=\"wp-block-button__link has-white-color has-accent-background-color has-text-color has-background has-custom-font-size wp-element-button\" href=\"https:\/\/ferme-du-grommendyck.fr\/index.php\/la-ferme-du-grommendyck\/\" style=\"border-radius:0px;font-size:16px\">D\u00e9couvrir la ferme<\/a><\/div>\n<\/div>\n<\/div>\n\n\n\n<div class=\"wp-block-column col-md-6 col-md-offset1 is-layout-flow wp-block-column-is-layout-flow\">\n<div style=\"height:55px\" aria-hidden=\"true\" class=\"wp-block-spacer\"><\/div>\n\n\n\n<figure class=\"wp-block-image size-large\"><img loading=\"lazy\" decoding=\"async\" width=\"1024\" height=\"683\" src=\"http:\/\/ferme-du-grommendyck.fr\/wp-content\/uploads\/2023\/05\/Photo-principale-paysage-Ferme-du-Grommendyck-1024x683.jpg\" alt=\"\" class=\"wp-image-348\" srcset=\"https:\/\/ferme-du-grommendyck.fr\/wp-content\/uploads\/2023\/05\/Photo-principale-paysage-Ferme-du-Grommendyck-1024x683.jpg 1024w, https:\/\/ferme-du-grommendyck.fr\/wp-content\/uploads\/2023\/05\/Photo-principale-paysage-Ferme-du-Grommendyck-300x200.jpg 300w, https:\/\/ferme-du-grommendyck.fr\/wp-content\/uploads\/2023\/05\/Photo-principale-paysage-Ferme-du-Grommendyck-768x512.jpg 768w, https:\/\/ferme-du-grommendyck.fr\/wp-content\/uploads\/2023\/05\/Photo-principale-paysage-Ferme-du-Grommendyck-1536x1024.jpg 1536w, https:\/\/ferme-du-grommendyck.fr\/wp-content\/uploads\/2023\/05\/Photo-principale-paysage-Ferme-du-Grommendyck-2048x1365.jpg 2048w, https:\/\/ferme-du-grommendyck.fr\/wp-content\/uploads\/2023\/05\/Photo-principale-paysage-Ferme-du-Grommendyck-360x240.jpg 360w\" sizes=\"auto, (max-width: 1024px) 100vw, 1024px\" \/><\/figure>\n\n\n\n<p class=\"has-text-align-center\"><em>Catherine, Bruno et Paul VANHAECKE<\/em><\/p>\n<\/div>\n<\/div>\n\n\n\n<p><\/p>\n","protected":false},"excerpt":{"rendered":"<p>D\u00e9couvrir notre ferme &amp; nos valeurs Catherine, Bruno et Paul VANHAECKE<\/p>\n","protected":false},"author":1,"featured_media":22,"parent":0,"menu_order":0,"comment_status":"closed","ping_status":"closed","template":"","meta":{"_monsterinsights_skip_tracking":false,"_monsterinsights_sitenote_active":false,"_monsterinsights_sitenote_note":"","_monsterinsights_sitenote_category":0,"footnotes":""},"class_list":["post-13","page","type-page","status-publish","has-post-thumbnail","hentry"],"aioseo_notices":[],"_links":{"self":[{"href":"https:\/\/ferme-du-grommendyck.fr\/index.php\/wp-json\/wp\/v2\/pages\/13","targetHints":{"allow":["GET"]}}],"collection":[{"href":"https:\/\/ferme-du-grommendyck.fr\/index.php\/wp-json\/wp\/v2\/pages"}],"about":[{"href":"https:\/\/ferme-du-grommendyck.fr\/index.php\/wp-json\/wp\/v2\/types\/page"}],"author":[{"embeddable":true,"href":"https:\/\/ferme-du-grommendyck.fr\/index.php\/wp-json\/wp\/v2\/users\/1"}],"replies":[{"embeddable":true,"href":"https:\/\/ferme-du-grommendyck.fr\/index.php\/wp-json\/wp\/v2\/comments?post=13"}],"version-history":[{"count":55,"href":"https:\/\/ferme-du-grommendyck.fr\/index.php\/wp-json\/wp\/v2\/pages\/13\/revisions"}],"predecessor-version":[{"id":714,"href":"https:\/\/ferme-du-grommendyck.fr\/index.php\/wp-json\/wp\/v2\/pages\/13\/revisions\/714"}],"wp:featuredmedia":[{"embeddable":true,"href":"https:\/\/ferme-du-grommendyck.fr\/index.php\/wp-json\/wp\/v2\/media\/22"}],"wp:attachment":[{"href":"https:\/\/ferme-du-grommendyck.fr\/index.php\/wp-json\/wp\/v2\/media?parent=13"}],"curies":[{"name":"wp","href":"https:\/\/api.w.org\/{rel}","templated":true}]}}